{"id":315,"date":"2019-11-27T11:31:00","date_gmt":"2019-11-27T10:31:00","guid":{"rendered":"https:\/\/jaskobus.sk\/?page_id=315"},"modified":"2019-12-11T08:47:45","modified_gmt":"2019-12-11T07:47:45","slug":"skalne-lezenie-paklenica-hr","status":"publish","type":"page","link":"https:\/\/jaskobus.sk\/?page_id=315","title":{"rendered":"Skaln\u00e9 lezenie &#8211; Paklenica (HR)"},"content":{"rendered":"\n<p>N\u00e1rodn\u00fd park Paklenica sa nach\u00e1dza v&nbsp;bl\u00edzkosti Chorv\u00e1tskeho meste\u010dka Starigrad asi 7 hod\u00edn cesty z&nbsp;Bratislavy (cca. 650 km). N\u00e1rodn\u00fd park paklenica pon\u00faka neprebern\u00e9 mno\u017estvo lezeck\u00fdch mo\u017enost\u00ed od jednod\u013a\u017ekov\u00fdch zaisten\u00fdch ciest, cez viacd\u013a\u017ekov\u00e9 zaisten\u00e9 cesty a\u017e po klasick\u00e9 neodisten\u00e9. Zalez\u00fa si tu aj \u00fapln\u00ed za\u010diato\u010dn\u00edci ako aj sk\u00fasen\u00ed \u0161portov\u00ed lezci. \u010co sa t\u00fdka povahy lezenia tak sa jedn\u00e1 o&nbsp;typick\u00fa pr\u00edmorsk\u00fa v\u00e1pencov\u00fa oblas\u0165 ktor\u00e1 pon\u00faka \u0161irok\u00fa \u0161k\u00e1lu typov lezenia. N\u00e1jdete tu platne, \u0161k\u00e1ry, k\u00faty, previsy a&nbsp;neskuto\u010dn\u00e9 \u201etufov\u00e9\u201c lezenie. Vstup do n\u00e1rodn\u00e9ho parku je spoplatnen\u00fd, na 5 dn\u00ed vych\u00e1dza na cca 25\u20ac. S&nbsp;paklenicou sused\u00ed e\u0161te jedna lezeck\u00e1 oblas\u0165. Vol\u00e1 sa Vaganac, le\u017e\u00ed asi 5km nad Starigradom. Vstup nie je spoplatnen\u00fd, jedn\u00e1 sa o&nbsp;krat\u0161ie cesty. Ide\u00e1lna mo\u017enos\u0165 rozlezenia.<\/p>\n\n\n\n<p><strong>Inform\u00e1cie k v\u00fdletu<\/strong><\/p>\n\n\n\n<ul><li>trvanie v\u00fdjazdu &#8211; 5 dn\u00ed\/4noci<\/li><li>mo\u017enos\u0165 <a href=\"https:\/\/jaskobus.sk\/?page_id=248\">\u00farovne &#8211; za\u010diato\u010dn\u00edk\/pokro\u010dil\u00fd\/Jaskobus Crew<\/a><\/li><li>odjazd z Bratislavy<\/li><li>term\u00edn v\u00fdjazdu pod\u013ea \u00fa\u010dasti a dohovoru<\/li><li>cena v\u00fdjazdu <strong>od 175\u20ac \/ 5dn\u00ed<\/strong> (cena v\u00fdletu sa odv\u00edja od zvolenej \u00farovne)<\/li><li>v cene je zahrnut\u00e1 doprava, cestovn\u00e9 poistenie, ubytovanie<\/li><li>v cene nie je zahrnut\u00e1 strava <\/li><\/ul>\n\n\n\n<p> V pr\u00edpade z\u00e1ujmu, alebo ak\u00fdchko\u013evek ot\u00e1zok n\u00e1m nap\u00ed\u0161te spr\u00e1vu na <a href=\"https:\/\/jaskobus.sk\/wp-admin\/gulexs.adventures@gmail.com\" target=\"_blank\" rel=\"noreferrer noopener\" aria-label=\" (otvor\u00ed sa v novej karte)\">gulexs.adventures@gmail.com<\/a><\/p>\n\n\n\n<p><\/p>\n\n\n\n<figure class=\"wp-block-gallery columns-4 is-cropped wp-block-gallery-1 is-layout-flex wp-block-gallery-is-layout-flex\"><ul class=\"blocks-gallery-grid\"><li class=\"blocks-gallery-item\"><figure><a href=\"https:\/\/jaskobus.sk\/wp-content\/uploads\/2019\/11\/DSC00631-768x1024.jpg\"><img loading=\"lazy\" decoding=\"async\" width=\"768\" height=\"1024\" src=\"https:\/\/jaskobus.sk\/wp-content\/uploads\/2019\/11\/DSC00631-768x1024.jpg\" alt=\"\" data-id=\"328\" data-link=\"https:\/\/jaskobus.sk\/?attachment_id=328\" class=\"wp-image-328\" srcset=\"https:\/\/jaskobus.sk\/wp-content\/uploads\/2019\/11\/DSC00631-768x1024.jpg 768w, https:\/\/jaskobus.sk\/wp-content\/uploads\/2019\/11\/DSC00631-225x300.jpg 225w\" sizes=\"(max-width: 768px) 100vw, 768px\" \/><\/a><figcaption class=\"blocks-gallery-item__caption\">\u00fadolie Ve\u013ekej Paklenice<\/figcaption><\/figure><\/li><li class=\"blocks-gallery-item\"><figure><a href=\"https:\/\/jaskobus.sk\/wp-content\/uploads\/2019\/11\/DSC00661-768x1024.jpg\"><img loading=\"lazy\" decoding=\"async\" width=\"768\" height=\"1024\" src=\"https:\/\/jaskobus.sk\/wp-content\/uploads\/2019\/11\/DSC00661-768x1024.jpg\" alt=\"\" data-id=\"331\" data-link=\"https:\/\/jaskobus.sk\/?attachment_id=331\" class=\"wp-image-331\" srcset=\"https:\/\/jaskobus.sk\/wp-content\/uploads\/2019\/11\/DSC00661-768x1024.jpg 768w, https:\/\/jaskobus.sk\/wp-content\/uploads\/2019\/11\/DSC00661-225x300.jpg 225w\" sizes=\"(max-width: 768px) 100vw, 768px\" \/><\/a><figcaption class=\"blocks-gallery-item__caption\">posledn\u00e1 d\u013a\u017eka cesty Watersong<\/figcaption><\/figure><\/li><li class=\"blocks-gallery-item\"><figure><a href=\"https:\/\/jaskobus.sk\/wp-content\/uploads\/2019\/11\/DSC00659-768x1024.jpg\"><img loading=\"lazy\" decoding=\"async\" width=\"768\" height=\"1024\" src=\"https:\/\/jaskobus.sk\/wp-content\/uploads\/2019\/11\/DSC00659-768x1024.jpg\" alt=\"\" data-id=\"330\" data-link=\"https:\/\/jaskobus.sk\/?attachment_id=330\" class=\"wp-image-330\" srcset=\"https:\/\/jaskobus.sk\/wp-content\/uploads\/2019\/11\/DSC00659-768x1024.jpg 768w, https:\/\/jaskobus.sk\/wp-content\/uploads\/2019\/11\/DSC00659-225x300.jpg 225w\" sizes=\"(max-width: 768px) 100vw, 768px\" \/><\/a><figcaption class=\"blocks-gallery-item__caption\">k\u013e\u00fa\u010dov\u00e1 d\u013a\u017eka cesty Watersong<\/figcaption><\/figure><\/li><li class=\"blocks-gallery-item\"><figure><a href=\"https:\/\/jaskobus.sk\/wp-content\/uploads\/2019\/11\/DSC00619-1024x768.jpg\"><img loading=\"lazy\" decoding=\"async\" width=\"1024\" height=\"768\" src=\"https:\/\/jaskobus.sk\/wp-content\/uploads\/2019\/11\/DSC00619-1024x768.jpg\" alt=\"\" data-id=\"327\" data-link=\"https:\/\/jaskobus.sk\/?attachment_id=327\" class=\"wp-image-327\" srcset=\"https:\/\/jaskobus.sk\/wp-content\/uploads\/2019\/11\/DSC00619-1024x768.jpg 1024w, https:\/\/jaskobus.sk\/wp-content\/uploads\/2019\/11\/DSC00619-300x225.jpg 300w, https:\/\/jaskobus.sk\/wp-content\/uploads\/2019\/11\/DSC00619-768x576.jpg 768w\" sizes=\"(max-width: 1024px) 100vw, 1024px\" \/><\/a><figcaption class=\"blocks-gallery-item__caption\">prv\u00e1 d\u013a\u017eka cesty Ljiubliansky<\/figcaption><\/figure><\/li><li class=\"blocks-gallery-item\"><figure><a href=\"https:\/\/jaskobus.sk\/wp-content\/uploads\/2019\/11\/IMG_6545-1024x768.jpg\"><img loading=\"lazy\" decoding=\"async\" width=\"1024\" height=\"768\" src=\"https:\/\/jaskobus.sk\/wp-content\/uploads\/2019\/11\/IMG_6545-1024x768.jpg\" alt=\"\" data-id=\"323\" data-link=\"https:\/\/jaskobus.sk\/?attachment_id=323\" class=\"wp-image-323\" srcset=\"https:\/\/jaskobus.sk\/wp-content\/uploads\/2019\/11\/IMG_6545-1024x768.jpg 1024w, https:\/\/jaskobus.sk\/wp-content\/uploads\/2019\/11\/IMG_6545-300x225.jpg 300w, https:\/\/jaskobus.sk\/wp-content\/uploads\/2019\/11\/IMG_6545-768x576.jpg 768w\" sizes=\"(max-width: 1024px) 100vw, 1024px\" \/><\/a><figcaption class=\"blocks-gallery-item__caption\">Druh\u00e1 d\u013a\u017eka cesty Ljiublianski<\/figcaption><\/figure><\/li><li class=\"blocks-gallery-item\"><figure><a href=\"https:\/\/jaskobus.sk\/wp-content\/uploads\/2019\/11\/DSC00669-1024x768.jpg\"><img loading=\"lazy\" decoding=\"async\" width=\"1024\" height=\"768\" src=\"https:\/\/jaskobus.sk\/wp-content\/uploads\/2019\/11\/DSC00669-1024x768.jpg\" alt=\"\" data-id=\"332\" data-link=\"https:\/\/jaskobus.sk\/?attachment_id=332\" class=\"wp-image-332\" srcset=\"https:\/\/jaskobus.sk\/wp-content\/uploads\/2019\/11\/DSC00669-1024x768.jpg 1024w, https:\/\/jaskobus.sk\/wp-content\/uploads\/2019\/11\/DSC00669-300x225.jpg 300w, https:\/\/jaskobus.sk\/wp-content\/uploads\/2019\/11\/DSC00669-768x576.jpg 768w\" sizes=\"(max-width: 1024px) 100vw, 1024px\" \/><\/a><figcaption class=\"blocks-gallery-item__caption\">Pobre\u017eie v Starigrade<\/figcaption><\/figure><\/li><li class=\"blocks-gallery-item\"><figure><a href=\"https:\/\/jaskobus.sk\/wp-content\/uploads\/2019\/11\/DSC00602-768x1024.jpg\"><img loading=\"lazy\" decoding=\"async\" width=\"768\" height=\"1024\" src=\"https:\/\/jaskobus.sk\/wp-content\/uploads\/2019\/11\/DSC00602-768x1024.jpg\" alt=\"\" data-id=\"326\" data-link=\"https:\/\/jaskobus.sk\/?attachment_id=326\" class=\"wp-image-326\" srcset=\"https:\/\/jaskobus.sk\/wp-content\/uploads\/2019\/11\/DSC00602-768x1024.jpg 768w, https:\/\/jaskobus.sk\/wp-content\/uploads\/2019\/11\/DSC00602-225x300.jpg 225w\" sizes=\"(max-width: 768px) 100vw, 768px\" \/><\/a><figcaption class=\"blocks-gallery-item__caption\">Vagabnac<\/figcaption><\/figure><\/li><li class=\"blocks-gallery-item\"><figure><a href=\"https:\/\/jaskobus.sk\/wp-content\/uploads\/2019\/11\/DSC00600-768x1024.jpg\"><img loading=\"lazy\" decoding=\"async\" width=\"768\" height=\"1024\" src=\"https:\/\/jaskobus.sk\/wp-content\/uploads\/2019\/11\/DSC00600-768x1024.jpg\" alt=\"\" data-id=\"325\" data-link=\"https:\/\/jaskobus.sk\/?attachment_id=325\" class=\"wp-image-325\" srcset=\"https:\/\/jaskobus.sk\/wp-content\/uploads\/2019\/11\/DSC00600-768x1024.jpg 768w, https:\/\/jaskobus.sk\/wp-content\/uploads\/2019\/11\/DSC00600-225x300.jpg 225w\" sizes=\"(max-width: 768px) 100vw, 768px\" \/><\/a><figcaption class=\"blocks-gallery-item__caption\">Vaganac<\/figcaption><\/figure><\/li><\/ul><\/figure>\n","protected":false},"excerpt":{"rendered":"<p>N\u00e1rodn\u00fd park Paklenica sa nach\u00e1dza v&nbsp;bl\u00edzkosti Chorv\u00e1tskeho meste\u010dka Starigrad asi 7 hod\u00edn cesty z&nbsp;Bratislavy (cca. 650 km). N\u00e1rodn\u00fd park paklenica pon\u00faka neprebern\u00e9 mno\u017estvo lezeck\u00fdch mo\u017enost\u00ed od jednod\u013a\u017ekov\u00fdch zaisten\u00fdch ciest, cez viacd\u013a\u017ekov\u00e9 zaisten\u00e9 cesty a\u017e po klasick\u00e9 neodisten\u00e9. Zalez\u00fa si tu &hellip; <a href=\"https:\/\/jaskobus.sk\/?page_id=315\">Continued<\/a><\/p>\n","protected":false},"author":2,"featured_media":328,"parent":0,"menu_order":0,"comment_status":"closed","ping_status":"closed","template":"","meta":{"kt_blocks_editor_width":"","_price":"","_stock":"","_tribe_ticket_header":"","_tribe_default_ticket_provider":"","_tribe_ticket_capacity":"0","_ticket_start_date":"","_ticket_end_date":"","_tribe_ticket_show_description":"","_tribe_ticket_show_not_going":false,"_tribe_ticket_use_global_stock":"","_tribe_ticket_global_stock_level":"","_global_stock_mode":"","_global_stock_cap":"","_tribe_rsvp_for_event":"","_tribe_ticket_going_count":"","_tribe_ticket_not_going_count":"","_tribe_tickets_list":[],"_tribe_ticket_has_attendee_info_fields":false,"_EventAllDay":false,"_EventTimezone":"","_EventStartDate":"","_EventEndDate":"","_EventStartDateUTC":"","_EventEndDateUTC":"","_EventShowMap":false,"_EventShowMapLink":false,"_EventURL":"","_EventCost":"","_EventCostDescription":"","_EventCurrencySymbol":"","_EventCurrencyCode":"","_EventCurrencyPosition":"","_EventDateTimeSeparator":"","_EventTimeRangeSeparator":"","_EventOrganizerID":[],"_EventVenueID":[],"_OrganizerEmail":"","_OrganizerPhone":"","_OrganizerWebsite":"","_VenueAddress":"","_VenueCity":"","_VenueCountry":"","_VenueProvince":"","_VenueState":"","_VenueZip":"","_VenuePhone":"","_VenueURL":"","_VenueStateProvince":"","_VenueLat":"","_VenueLng":"","_VenueShowMap":false,"_VenueShowMapLink":false,"footnotes":""},"ticketed":false,"_links":{"self":[{"href":"https:\/\/jaskobus.sk\/index.php?rest_route=\/wp\/v2\/pages\/315"}],"collection":[{"href":"https:\/\/jaskobus.sk\/index.php?rest_route=\/wp\/v2\/pages"}],"about":[{"href":"https:\/\/jaskobus.sk\/index.php?rest_route=\/wp\/v2\/types\/page"}],"author":[{"embeddable":true,"href":"https:\/\/jaskobus.sk\/index.php?rest_route=\/wp\/v2\/users\/2"}],"replies":[{"embeddable":true,"href":"https:\/\/jaskobus.sk\/index.php?rest_route=%2Fwp%2Fv2%2Fcomments&post=315"}],"version-history":[{"count":9,"href":"https:\/\/jaskobus.sk\/index.php?rest_route=\/wp\/v2\/pages\/315\/revisions"}],"predecessor-version":[{"id":553,"href":"https:\/\/jaskobus.sk\/index.php?rest_route=\/wp\/v2\/pages\/315\/revisions\/553"}],"wp:featuredmedia":[{"embeddable":true,"href":"https:\/\/jaskobus.sk\/index.php?rest_route=\/wp\/v2\/media\/328"}],"wp:attachment":[{"href":"https:\/\/jaskobus.sk\/index.php?rest_route=%2Fwp%2Fv2%2Fmedia&parent=315"}],"curies":[{"name":"wp","href":"https:\/\/api.w.org\/{rel}","templated":true}]}}