{"id":294,"date":"2019-11-20T12:23:15","date_gmt":"2019-11-20T11:23:15","guid":{"rendered":"https:\/\/jaskobus.sk\/?page_id=294"},"modified":"2019-12-11T08:46:29","modified_gmt":"2019-12-11T07:46:29","slug":"skalne-lezenie-osp-slovinsko","status":"publish","type":"page","link":"https:\/\/jaskobus.sk\/?page_id=294","title":{"rendered":"Skaln\u00e9 lezenie Osp &#8211; Slovinsko"},"content":{"rendered":"\n<p>Skaln\u00e1 lezeck\u00e1 oblas\u0165 Osp (SLO) sa nach\u00e1dza asi 550 km a&nbsp;zhruba 5,5 hodiny cesty autom od Bratislavy ne\u010faleko pr\u00edmorsk\u00fdch miest Koper (SLO) a&nbsp;Terst (ITA). Jedn\u00e1 sa o&nbsp;v\u00e1pencov\u00fa oblas\u0165 poskytuj\u00facu r\u00f4znorod\u00e9 mo\u017enosti skaln\u00e9ho lezenia ciest odisten\u00fdch pevn\u00fdm postupov\u00fdm isten\u00edm. Preva\u017ene sa jedn\u00e1 o&nbsp;expanzn\u00e9 nity. Obtia\u017enostne sa cesty pohybuj\u00fa sk\u00f4r vo vy\u0161\u0161\u00edch \u010d\u00edslach, ale n\u00e1jde sa tu dostatok cies\u0165, ktor\u00e9 vylez\u00fa aj slab\u0161\u00ed lezci. Ka\u017edop\u00e1dne ak si chcete dobre zaliez\u0165 v&nbsp;okol\u00ed Ospu tak je vhodn\u00e9 liez\u0165 minim\u00e1lne 6a a&nbsp;viac. Okolit\u00e9 lezeck\u00e9 sektory ako Babna, Mi\u0161ja Pe\u010d, Crni kal, Nad Vasjo, Velika stena poskytuj\u00fa viac ako 700 lezeck\u00fdch l\u00edni\u00ed. Najlep\u0161ie lezeck\u00e9 podmienky tu s\u00fa na jar a&nbsp;na jese\u0148. <\/p>\n\n\n\n<p><strong>Inform\u00e1cie k v\u00fdletu<\/strong><\/p>\n\n\n\n<ul><li>trvanie v\u00fdjazdu &#8211; 5 dn\u00ed\/4noci<\/li><li>mo\u017enos\u0165 <a href=\"https:\/\/jaskobus.sk\/?page_id=248\">\u00farovne &#8211; za\u010diato\u010dn\u00edk\/pokro\u010dil\u00fd\/Jaskobus Crew<\/a><\/li><li>odjazd z Bratislavy<\/li><li>term\u00edn v\u00fdjazdu pod\u013ea \u00fa\u010dasti a dohovoru<\/li><li>cena v\u00fdjazdu <strong>od 160\u20ac \/ 5dn\u00ed<\/strong> (cena v\u00fdletu sa odv\u00edja od zvolenej \u00farovne)<\/li><li>v cene je zahrnut\u00e1 doprava, cestovn\u00e9 poistenie, ubytovanie<\/li><li>v cene nie je zahrnut\u00e1 strava<\/li><\/ul>\n\n\n\n<p>V pr\u00edpade z\u00e1ujmu, alebo ak\u00fdchko\u013evek ot\u00e1zok n\u00e1m nap\u00ed\u0161te spr\u00e1vu na <a href=\"gulexs.adventures@gmail.com\" target=\"_blank\" rel=\"noreferrer noopener\" aria-label=\" (otvor\u00ed sa v novej karte)\">gulexs.adventures@gmail.com<\/a><\/p>\n\n\n\n<p><\/p>\n\n\n\n<figure class=\"wp-block-gallery columns-4 is-cropped wp-block-gallery-1 is-layout-flex wp-block-gallery-is-layout-flex\"><ul class=\"blocks-gallery-grid\"><li class=\"blocks-gallery-item\"><figure><a href=\"https:\/\/jaskobus.sk\/wp-content\/uploads\/2019\/11\/DSC00468-1024x768.jpg\"><img loading=\"lazy\" decoding=\"async\" width=\"1024\" height=\"768\" src=\"https:\/\/jaskobus.sk\/wp-content\/uploads\/2019\/11\/DSC00468-1024x768.jpg\" alt=\"\" data-id=\"296\" data-link=\"https:\/\/jaskobus.sk\/?attachment_id=296\" class=\"wp-image-296\" srcset=\"https:\/\/jaskobus.sk\/wp-content\/uploads\/2019\/11\/DSC00468-1024x768.jpg 1024w, https:\/\/jaskobus.sk\/wp-content\/uploads\/2019\/11\/DSC00468-300x225.jpg 300w, https:\/\/jaskobus.sk\/wp-content\/uploads\/2019\/11\/DSC00468-768x576.jpg 768w, https:\/\/jaskobus.sk\/wp-content\/uploads\/2019\/11\/DSC00468.jpg 2000w\" sizes=\"(max-width: 1024px) 100vw, 1024px\" \/><\/a><figcaption class=\"blocks-gallery-item__caption\">Poh\u013ead na lezeck\u00fa oblas\u0165 Babna<\/figcaption><\/figure><\/li><li class=\"blocks-gallery-item\"><figure><a href=\"https:\/\/jaskobus.sk\/wp-content\/uploads\/2019\/11\/DSC00552-1024x768.jpg\"><img loading=\"lazy\" decoding=\"async\" width=\"1024\" height=\"768\" src=\"https:\/\/jaskobus.sk\/wp-content\/uploads\/2019\/11\/DSC00552-1024x768.jpg\" alt=\"\" data-id=\"298\" data-link=\"https:\/\/jaskobus.sk\/?attachment_id=298\" class=\"wp-image-298\" srcset=\"https:\/\/jaskobus.sk\/wp-content\/uploads\/2019\/11\/DSC00552-1024x768.jpg 1024w, https:\/\/jaskobus.sk\/wp-content\/uploads\/2019\/11\/DSC00552-300x225.jpg 300w, https:\/\/jaskobus.sk\/wp-content\/uploads\/2019\/11\/DSC00552-768x576.jpg 768w, https:\/\/jaskobus.sk\/wp-content\/uploads\/2019\/11\/DSC00552.jpg 2000w\" sizes=\"(max-width: 1024px) 100vw, 1024px\" \/><\/a><\/figure><\/li><li class=\"blocks-gallery-item\"><figure><a href=\"https:\/\/jaskobus.sk\/wp-content\/uploads\/2019\/11\/DSC00462-768x1024.jpg\"><img loading=\"lazy\" decoding=\"async\" width=\"768\" height=\"1024\" src=\"https:\/\/jaskobus.sk\/wp-content\/uploads\/2019\/11\/DSC00462-768x1024.jpg\" alt=\"\" data-id=\"295\" data-link=\"https:\/\/jaskobus.sk\/?attachment_id=295\" class=\"wp-image-295\" srcset=\"https:\/\/jaskobus.sk\/wp-content\/uploads\/2019\/11\/DSC00462-768x1024.jpg 768w, https:\/\/jaskobus.sk\/wp-content\/uploads\/2019\/11\/DSC00462-225x300.jpg 225w, https:\/\/jaskobus.sk\/wp-content\/uploads\/2019\/11\/DSC00462.jpg 1500w\" sizes=\"(max-width: 768px) 100vw, 768px\" \/><\/a><\/figure><\/li><li class=\"blocks-gallery-item\"><figure><a href=\"https:\/\/jaskobus.sk\/wp-content\/uploads\/2019\/11\/DSC00579-1024x768.jpg\"><img loading=\"lazy\" decoding=\"async\" width=\"1024\" height=\"768\" src=\"https:\/\/jaskobus.sk\/wp-content\/uploads\/2019\/11\/DSC00579-1024x768.jpg\" alt=\"\" data-id=\"302\" data-link=\"https:\/\/jaskobus.sk\/?attachment_id=302\" class=\"wp-image-302\" srcset=\"https:\/\/jaskobus.sk\/wp-content\/uploads\/2019\/11\/DSC00579-1024x768.jpg 1024w, https:\/\/jaskobus.sk\/wp-content\/uploads\/2019\/11\/DSC00579-300x225.jpg 300w, https:\/\/jaskobus.sk\/wp-content\/uploads\/2019\/11\/DSC00579-768x576.jpg 768w, https:\/\/jaskobus.sk\/wp-content\/uploads\/2019\/11\/DSC00579.jpg 2000w\" sizes=\"(max-width: 1024px) 100vw, 1024px\" \/><\/a><\/figure><\/li><li class=\"blocks-gallery-item\"><figure><a href=\"https:\/\/jaskobus.sk\/wp-content\/uploads\/2019\/11\/DSC00539-768x1024.jpg\"><img loading=\"lazy\" decoding=\"async\" width=\"768\" height=\"1024\" src=\"https:\/\/jaskobus.sk\/wp-content\/uploads\/2019\/11\/DSC00539-768x1024.jpg\" alt=\"\" data-id=\"297\" data-link=\"https:\/\/jaskobus.sk\/?attachment_id=297\" class=\"wp-image-297\" srcset=\"https:\/\/jaskobus.sk\/wp-content\/uploads\/2019\/11\/DSC00539-768x1024.jpg 768w, https:\/\/jaskobus.sk\/wp-content\/uploads\/2019\/11\/DSC00539-225x300.jpg 225w, https:\/\/jaskobus.sk\/wp-content\/uploads\/2019\/11\/DSC00539.jpg 1500w\" sizes=\"(max-width: 768px) 100vw, 768px\" \/><\/a><\/figure><\/li><li class=\"blocks-gallery-item\"><figure><a href=\"https:\/\/jaskobus.sk\/wp-content\/uploads\/2019\/11\/DSC00560-1024x768.jpg\"><img loading=\"lazy\" decoding=\"async\" width=\"1024\" height=\"768\" src=\"https:\/\/jaskobus.sk\/wp-content\/uploads\/2019\/11\/DSC00560-1024x768.jpg\" alt=\"\" data-id=\"301\" data-link=\"https:\/\/jaskobus.sk\/?attachment_id=301\" class=\"wp-image-301\" srcset=\"https:\/\/jaskobus.sk\/wp-content\/uploads\/2019\/11\/DSC00560-1024x768.jpg 1024w, https:\/\/jaskobus.sk\/wp-content\/uploads\/2019\/11\/DSC00560-300x225.jpg 300w, https:\/\/jaskobus.sk\/wp-content\/uploads\/2019\/11\/DSC00560-768x576.jpg 768w, https:\/\/jaskobus.sk\/wp-content\/uploads\/2019\/11\/DSC00560.jpg 2000w\" sizes=\"(max-width: 1024px) 100vw, 1024px\" \/><\/a><\/figure><\/li><li class=\"blocks-gallery-item\"><figure><a href=\"https:\/\/jaskobus.sk\/wp-content\/uploads\/2019\/11\/DSC00553-1024x768.jpg\"><img loading=\"lazy\" decoding=\"async\" width=\"1024\" height=\"768\" src=\"https:\/\/jaskobus.sk\/wp-content\/uploads\/2019\/11\/DSC00553-1024x768.jpg\" alt=\"\" data-id=\"299\" data-link=\"https:\/\/jaskobus.sk\/?attachment_id=299\" class=\"wp-image-299\" srcset=\"https:\/\/jaskobus.sk\/wp-content\/uploads\/2019\/11\/DSC00553-1024x768.jpg 1024w, https:\/\/jaskobus.sk\/wp-content\/uploads\/2019\/11\/DSC00553-300x225.jpg 300w, https:\/\/jaskobus.sk\/wp-content\/uploads\/2019\/11\/DSC00553-768x576.jpg 768w, https:\/\/jaskobus.sk\/wp-content\/uploads\/2019\/11\/DSC00553.jpg 2000w\" sizes=\"(max-width: 1024px) 100vw, 1024px\" \/><\/a><\/figure><\/li><li class=\"blocks-gallery-item\"><figure><a href=\"https:\/\/jaskobus.sk\/wp-content\/uploads\/2019\/11\/DSC00555-1024x768.jpg\"><img loading=\"lazy\" decoding=\"async\" width=\"1024\" height=\"768\" src=\"https:\/\/jaskobus.sk\/wp-content\/uploads\/2019\/11\/DSC00555-1024x768.jpg\" alt=\"\" data-id=\"300\" data-link=\"https:\/\/jaskobus.sk\/?attachment_id=300\" class=\"wp-image-300\" srcset=\"https:\/\/jaskobus.sk\/wp-content\/uploads\/2019\/11\/DSC00555-1024x768.jpg 1024w, https:\/\/jaskobus.sk\/wp-content\/uploads\/2019\/11\/DSC00555-300x225.jpg 300w, https:\/\/jaskobus.sk\/wp-content\/uploads\/2019\/11\/DSC00555-768x576.jpg 768w, https:\/\/jaskobus.sk\/wp-content\/uploads\/2019\/11\/DSC00555.jpg 2000w\" sizes=\"(max-width: 1024px) 100vw, 1024px\" \/><\/a><\/figure><\/li><\/ul><\/figure>\n","protected":false},"excerpt":{"rendered":"<p>Skaln\u00e1 lezeck\u00e1 oblas\u0165 Osp (SLO) sa nach\u00e1dza asi 550 km a&nbsp;zhruba 5,5 hodiny cesty autom od Bratislavy ne\u010faleko pr\u00edmorsk\u00fdch miest Koper (SLO) a&nbsp;Terst (ITA). Jedn\u00e1 sa o&nbsp;v\u00e1pencov\u00fa oblas\u0165 poskytuj\u00facu r\u00f4znorod\u00e9 mo\u017enosti skaln\u00e9ho lezenia ciest odisten\u00fdch pevn\u00fdm postupov\u00fdm isten\u00edm. Preva\u017ene sa &hellip; <a href=\"https:\/\/jaskobus.sk\/?page_id=294\">Continued<\/a><\/p>\n","protected":false},"author":2,"featured_media":300,"parent":0,"menu_order":0,"comment_status":"closed","ping_status":"closed","template":"","meta":{"kt_blocks_editor_width":"","_price":"","_stock":"","_tribe_ticket_header":"","_tribe_default_ticket_provider":"","_tribe_ticket_capacity":"0","_ticket_start_date":"","_ticket_end_date":"","_tribe_ticket_show_description":"","_tribe_ticket_show_not_going":false,"_tribe_ticket_use_global_stock":"","_tribe_ticket_global_stock_level":"","_global_stock_mode":"","_global_stock_cap":"","_tribe_rsvp_for_event":"","_tribe_ticket_going_count":"","_tribe_ticket_not_going_count":"","_tribe_tickets_list":[],"_tribe_ticket_has_attendee_info_fields":false,"_EventAllDay":false,"_EventTimezone":"","_EventStartDate":"","_EventEndDate":"","_EventStartDateUTC":"","_EventEndDateUTC":"","_EventShowMap":false,"_EventShowMapLink":false,"_EventURL":"","_EventCost":"","_EventCostDescription":"","_EventCurrencySymbol":"","_EventCurrencyCode":"","_EventCurrencyPosition":"","_EventDateTimeSeparator":"","_EventTimeRangeSeparator":"","_EventOrganizerID":[],"_EventVenueID":[],"_OrganizerEmail":"","_OrganizerPhone":"","_OrganizerWebsite":"","_VenueAddress":"","_VenueCity":"","_VenueCountry":"","_VenueProvince":"","_VenueState":"","_VenueZip":"","_VenuePhone":"","_VenueURL":"","_VenueStateProvince":"","_VenueLat":"","_VenueLng":"","_VenueShowMap":false,"_VenueShowMapLink":false,"footnotes":""},"ticketed":false,"_links":{"self":[{"href":"https:\/\/jaskobus.sk\/index.php?rest_route=\/wp\/v2\/pages\/294"}],"collection":[{"href":"https:\/\/jaskobus.sk\/index.php?rest_route=\/wp\/v2\/pages"}],"about":[{"href":"https:\/\/jaskobus.sk\/index.php?rest_route=\/wp\/v2\/types\/page"}],"author":[{"embeddable":true,"href":"https:\/\/jaskobus.sk\/index.php?rest_route=\/wp\/v2\/users\/2"}],"replies":[{"embeddable":true,"href":"https:\/\/jaskobus.sk\/index.php?rest_route=%2Fwp%2Fv2%2Fcomments&post=294"}],"version-history":[{"count":8,"href":"https:\/\/jaskobus.sk\/index.php?rest_route=\/wp\/v2\/pages\/294\/revisions"}],"predecessor-version":[{"id":551,"href":"https:\/\/jaskobus.sk\/index.php?rest_route=\/wp\/v2\/pages\/294\/revisions\/551"}],"wp:featuredmedia":[{"embeddable":true,"href":"https:\/\/jaskobus.sk\/index.php?rest_route=\/wp\/v2\/media\/300"}],"wp:attachment":[{"href":"https:\/\/jaskobus.sk\/index.php?rest_route=%2Fwp%2Fv2%2Fmedia&parent=294"}],"curies":[{"name":"wp","href":"https:\/\/api.w.org\/{rel}","templated":true}]}}