{"id":22,"date":"2019-11-04T17:18:18","date_gmt":"2019-11-04T16:18:18","guid":{"rendered":"https:\/\/jaskobus.sk\/?page_id=22"},"modified":"2022-09-29T12:35:49","modified_gmt":"2022-09-29T11:35:49","slug":"contact","status":"publish","type":"page","link":"https:\/\/jaskobus.sk\/?page_id=22","title":{"rendered":"Kontakt"},"content":{"rendered":"\n<div class=\"wp-block-columns is-layout-flex wp-container-core-columns-layout-1 wp-block-columns-is-layout-flex\">\n<div class=\"wp-block-column is-layout-flow wp-block-column-is-layout-flow\">\n<p><strong>LPJ s.r.o.<\/strong><\/p>\n\n\n\n<p>Bako\u0161ova 30<\/p>\n\n\n\n<p>841 03 Bratislava<\/p>\n\n\n\n<p>I\u010cO 43811957<\/p>\n\n\n\n<p>DI\u010c 2022505012<\/p>\n\n\n\n<p>I\u010c DPH SK 2022505012<\/p>\n\n\n\n<p><a rel=\"noreferrer noopener\" href=\"http:\/\/www.lpj.sk\" data-type=\"URL\" data-id=\"www.lpj.sk\" target=\"_blank\"><strong><mark style=\"background-color:rgba(0, 0, 0, 0)\" class=\"has-inline-color has-black-color\">www.lpj.sk<\/mark><\/strong><\/a><\/p>\n<\/div>\n\n\n\n<div class=\"wp-block-column is-layout-flow wp-block-column-is-layout-flow\">\n<h4 class=\"wp-block-heading\">Ing. Peter Ja\u0161ko, PhD.<\/h4>\n\n\n\n<p>mail: peter.jasko@lpj.sk<\/p>\n\n\n\n<p>mobil: +421 905 582 473<\/p>\n\n\n\n<p><a href=\"https:\/\/www.facebook.com\/profile.php?id=1269799827\" data-type=\"URL\" data-id=\"https:\/\/www.facebook.com\/profile.php?id=1269799827\" target=\"_blank\" rel=\"noreferrer noopener\"><strong><mark style=\"background-color:rgba(0, 0, 0, 0)\" class=\"has-inline-color has-black-color\">FB &#8211; Peter Ja\u0161ko<\/mark><\/strong><\/a><\/p>\n\n\n\n<p><a rel=\"noreferrer noopener\" href=\"https:\/\/www.instagram.com\/jaskobus\/\" data-type=\"URL\" data-id=\"https:\/\/www.instagram.com\/jaskobus\/\" target=\"_blank\"><strong><mark style=\"background-color:rgba(0, 0, 0, 0)\" class=\"has-inline-color has-black-color\">Instagram &#8211; Jaskobus<\/mark><\/strong><\/a><\/p>\n<\/div>\n<\/div>\n\n\n\n<p><\/p>\n\n\n\n<p><\/p>\n\n\n\n<hr class=\"wp-block-separator has-css-opacity\"\/>\n","protected":false},"excerpt":{"rendered":"<p>LPJ s.r.o. Bako\u0161ova 30 841 03 Bratislava I\u010cO 43811957 DI\u010c 2022505012 I\u010c DPH SK 2022505012 www.lpj.sk Ing. Peter Ja\u0161ko, PhD. mail: peter.jasko@lpj.sk mobil: +421 905 582 473 FB &#8211; Peter Ja\u0161ko Instagram &#8211; Jaskobus<\/p>\n","protected":false},"author":2,"featured_media":62,"parent":0,"menu_order":0,"comment_status":"closed","ping_status":"closed","template":"","meta":{"kt_blocks_editor_width":"","_price":"","_stock":"","_tribe_ticket_header":"","_tribe_default_ticket_provider":"","_tribe_ticket_capacity":"0","_ticket_start_date":"","_ticket_end_date":"","_tribe_ticket_show_description":"","_tribe_ticket_show_not_going":false,"_tribe_ticket_use_global_stock":"","_tribe_ticket_global_stock_level":"","_global_stock_mode":"","_global_stock_cap":"","_tribe_rsvp_for_event":"","_tribe_ticket_going_count":"","_tribe_ticket_not_going_count":"","_tribe_tickets_list":[],"_tribe_ticket_has_attendee_info_fields":false,"_EventAllDay":false,"_EventTimezone":"","_EventStartDate":"","_EventEndDate":"","_EventStartDateUTC":"","_EventEndDateUTC":"","_EventShowMap":false,"_EventShowMapLink":false,"_EventURL":"","_EventCost":"","_EventCostDescription":"","_EventCurrencySymbol":"","_EventCurrencyCode":"","_EventCurrencyPosition":"","_EventDateTimeSeparator":"","_EventTimeRangeSeparator":"","_EventOrganizerID":[],"_EventVenueID":[],"_OrganizerEmail":"","_OrganizerPhone":"","_OrganizerWebsite":"","_VenueAddress":"","_VenueCity":"","_VenueCountry":"","_VenueProvince":"","_VenueState":"","_VenueZip":"","_VenuePhone":"","_VenueURL":"","_VenueStateProvince":"","_VenueLat":"","_VenueLng":"","_VenueShowMap":false,"_VenueShowMapLink":false,"footnotes":""},"ticketed":false,"_links":{"self":[{"href":"https:\/\/jaskobus.sk\/index.php?rest_route=\/wp\/v2\/pages\/22"}],"collection":[{"href":"https:\/\/jaskobus.sk\/index.php?rest_route=\/wp\/v2\/pages"}],"about":[{"href":"https:\/\/jaskobus.sk\/index.php?rest_route=\/wp\/v2\/types\/page"}],"author":[{"embeddable":true,"href":"https:\/\/jaskobus.sk\/index.php?rest_route=\/wp\/v2\/users\/2"}],"replies":[{"embeddable":true,"href":"https:\/\/jaskobus.sk\/index.php?rest_route=%2Fwp%2Fv2%2Fcomments&post=22"}],"version-history":[{"count":29,"href":"https:\/\/jaskobus.sk\/index.php?rest_route=\/wp\/v2\/pages\/22\/revisions"}],"predecessor-version":[{"id":1646,"href":"https:\/\/jaskobus.sk\/index.php?rest_route=\/wp\/v2\/pages\/22\/revisions\/1646"}],"wp:featuredmedia":[{"embeddable":true,"href":"https:\/\/jaskobus.sk\/index.php?rest_route=\/wp\/v2\/media\/62"}],"wp:attachment":[{"href":"https:\/\/jaskobus.sk\/index.php?rest_route=%2Fwp%2Fv2%2Fmedia&parent=22"}],"curies":[{"name":"wp","href":"https:\/\/api.w.org\/{rel}","templated":true}]}}