{"id":1551,"date":"2022-09-27T12:15:09","date_gmt":"2022-09-27T11:15:09","guid":{"rendered":"https:\/\/jaskobus.sk\/?page_id=1551"},"modified":"2022-09-27T12:15:09","modified_gmt":"2022-09-27T11:15:09","slug":"kurz-lezenia-s-docasnym-postupovym-istenim","status":"publish","type":"page","link":"https:\/\/jaskobus.sk\/?page_id=1551","title":{"rendered":"Kurz lezenia s do\u010dasn\u00fdm postupov\u00fdm isten\u00edm"},"content":{"rendered":"\n<figure class=\"wp-block-image size-large\"><img loading=\"lazy\" decoding=\"async\" width=\"768\" height=\"1024\" src=\"https:\/\/jaskobus.sk\/wp-content\/uploads\/2022\/09\/IMG_9537-768x1024.jpg\" alt=\"\" class=\"wp-image-1555\" srcset=\"https:\/\/jaskobus.sk\/wp-content\/uploads\/2022\/09\/IMG_9537-768x1024.jpg 768w, https:\/\/jaskobus.sk\/wp-content\/uploads\/2022\/09\/IMG_9537-225x300.jpg 225w, https:\/\/jaskobus.sk\/wp-content\/uploads\/2022\/09\/IMG_9537-1152x1536.jpg 1152w, https:\/\/jaskobus.sk\/wp-content\/uploads\/2022\/09\/IMG_9537-1536x2048.jpg 1536w, https:\/\/jaskobus.sk\/wp-content\/uploads\/2022\/09\/IMG_9537.jpg 1875w\" sizes=\"(max-width: 768px) 100vw, 768px\" \/><\/figure>\n\n\n\n<h2 class=\"wp-block-heading\">Term\u00edny<\/h2>\n\n\n\n<p>Term\u00edny na rok 2023 dopln\u00edme \u010doskoro a n\u00e1jdete ich v sekcii <a rel=\"noreferrer noopener\" href=\"https:\/\/jaskobus.sk\/?post_type=tribe_events&amp;eventDisplay=list\" target=\"_blank\"><strong><span class=\"has-inline-color has-black-color\">kalend\u00e1r akci\u00ed<\/span><\/strong><\/a>.<\/p>\n\n\n\n<h4 class=\"wp-block-heading\"><strong>Kde:<\/strong><\/h4>\n\n\n\n<ul><li>lezeck\u00e1 oblas\u0165\u00a0<strong><em><a rel=\"noreferrer noopener\" href=\"http:\/\/coloursofclimbing.sk\/2020\/06\/16\/kalamarka-sprievodca-pokus-o-recenziu\/\" target=\"_blank\"><span class=\"has-inline-color has-black-color\">Kalam\u00e1rke pri Detve<\/span><\/a><\/em><\/strong>;<\/li><li>skaln\u00e1 andezitov\u00e1 oblas\u0165, viac ako 500 lezeck\u00fdch ciest;<\/li><li>andezitov\u00fd charakter skaly pon\u00faka ve\u013ek\u00e9 mno\u017estvo ciest r\u00f4znej ob\u0165a\u017enosti vhodn\u00fdch na lezeck\u00fd v\u00fdcvik zameran\u00fd na pr\u00e1cu s vkl\u00ednencami, friendami a pod.;<\/li><\/ul>\n\n\n\n<h4 class=\"wp-block-heading\"><strong>Ciele, obsah a charakteristika kurzu:<\/strong><\/h4>\n\n\n\n<ul><li><strong><em>po kurze bude frekventant vedie\u0165 najm\u00e4:<\/em><\/strong><ul><li>na akom princ\u00edpe a ak\u00fdm sp\u00f4sobom sa lez\u00fa neodisten\u00e9 cesty;<\/li><li>vyliez\u0165 na \u201eprvom konci lana\u201c cestu ob\u0165a\u017enosti 4-5 (UIAA), ktor\u00fa si s\u00e1m odist\u00ed pomocou friendov, vkl\u00ednencov, slu\u010diek a pod.;<\/li><\/ul><ul><li>spr\u00e1vne a bezpe\u010dne pou\u017e\u00edva\u0165 lezeck\u00fd materi\u00e1l;<\/li><li>\u010do ich \u010dak\u00e1 v neodistenom ter\u00e9ne na skalk\u00e1ch, ale aj na hor\u00e1ch, z toho d\u00f4vodu je kurz vhodn\u00fd pre potenci\u00e1lnych z\u00e1ujemcov o <a rel=\"noreferrer noopener\" href=\"http:\/\/coloursofclimbing.sk\/2021\/04\/23\/zakladny-kurz-horolezectva-v-letnych-tatrach-informacie\/\" target=\"_blank\"><span class=\"has-inline-color has-black-color\">lezenie viacd\u013a\u017eok napr. vo V. Tatr\u00e1ch<\/span><\/a>;<\/li><\/ul><\/li><li>kurz je nastaven\u00fd tak, aby \u00fa\u010dastn\u00edk po absolvovan\u00ed kurzu realizoval\u00a0<strong>samostatne<\/strong>\u00a0a\u00a0<strong>bezpe\u010dne<\/strong>\u00a0z\u00e1kladn\u00e9 lezeck\u00e9 \u010dinnosti pod\u013ea obsahovej n\u00e1plne kurzu a osvojil si t\u00fato zru\u010dnos\u0165 do bud\u00facnosti;<\/li><li>kurz je prioritne zameran\u00fd na\u00a0<strong>bezpe\u010dnos\u0165 pri lezen\u00ed<\/strong>\u00a0a na\u00a0<strong>osvojenie si vhodn\u00fdch metodick\u00fdch zru\u010dnost\u00ed<\/strong>\u00a0a n\u00e1vykov;<\/li><li>kurz smerujeme k tomu, aby na\u0161i frekventanti v bud\u00facnosti:<ul><li>ovl\u00e1dali ve\u013ea vec\u00ed\u00a0<strong>automaticky<\/strong>;<\/li><li>z\u00e1rove\u0148 vedeli\u00a0<strong>improvizova\u0165<\/strong>;<\/li><li>a hlavne pri ka\u017edej \u010dinnosti vedeli\u00a0<strong>samostatne rozm\u00fd\u0161\u013ea\u0165<\/strong>;<\/li><\/ul><\/li><\/ul>\n\n\n\n<ul><li>kurz je ur\u010den\u00fd z\u00e1ujemcom s dostato\u010dnou lezeckou praxou na \u201eskalk\u00e1ch\u201c, <strong><em>so zru\u010dnos\u0165ou aktu\u00e1lne liez\u0165 na prvom konci lana ob\u0165. min. 5 UIAA na odisten\u00fdch skalk\u00e1ch<\/em><\/strong> a ide\u00e1lne aj absolvovali z\u00e1kladn\u00fd kurz skaln\u00e9ho lezenia (nie star\u0161\u00ed ako rok) v seri\u00f3znej horo\u0161kole, pr\u00edp. seri\u00f3znom klube;<\/li><li>metodick\u00fd kurz \u2013 t. z., \u017ee <strong><em>na prvom mieste bude bezpe\u010dnos\u0165 a ako robi\u0165 dan\u00e9 veci metodicky spr\u00e1vne<\/em><\/strong>, samotn\u00e9 lezenie bude a\u017e sekund\u00e1rne;<\/li><li>predch\u00e1dzaj\u00face sk\u00fasenosti s lezen\u00edm neodisten\u00fdch ciest s\u00fa v\u00fdhodou, nie v\u0161ak podmienkou;<\/li><li>min. vek: 18 rokov<\/li><\/ul>\n\n\n\n<h4 class=\"wp-block-heading\"><strong>Program:<\/strong><\/h4>\n\n\n\n<ul><li>2 \u2013 2,5 d\u0148a na skal\u00e1ch (cca 15-16 hod\u00edn na skal\u00e1ch):<ul><li><em>s individu\u00e1lnym pr\u00edstupom<\/em>;<\/li><li>s&nbsp;<em>\u010do najv\u00e4\u010d\u0161ou aktivitou u kurzistov;<\/em><\/li><li>s<em>&nbsp;\u010do najv\u00e4\u010d\u0161\u00edm prepojen\u00edm te\u00f3rie a praxe a na\u0161imi sk\u00fasenos\u0165ami<\/em>;<\/li><li>za\u010d\u00edname v piatok poobede \u2013 n\u00e1cvik zakladania a lezenie s in\u0161truktormi;<\/li><li>v sobotu doobeda \u2013 n\u00e1cvik zakladania a lezenie s in\u0161truktormi;<\/li><li>v sobotu poobede \u2013 individu\u00e1lne lezenie;<\/li><li>v nede\u013eu do cca 13.30 \u2013 n\u00e1cvik zakladania a lezenie s in\u0161truktormi<\/li><\/ul><\/li><li>predn\u00e1\u0161ky, diskusia;<\/li><li>program m\u00f4\u017ee v\u00fdrazne ovplyvni\u0165 po\u010dasie;<\/li><\/ul>\n\n\n\n<h4 class=\"wp-block-heading\"><strong>Potrebn\u00e9 vybavenie:<\/strong><\/h4>\n\n\n\n<ul><li>vlastn\u00fd sedac\u00ed \u00fav\u00e4z, prilba, lezeck\u00e1 obuv, istiaca pom\u00f4cka (ist\u00edtko) vhodn\u00e1 aj na zla\u0148ovanie a na istenie dvoch druholezcov (typ reverzo), lano, ako aj primeran\u00e9 oble\u010denie zodpovedaj\u00face danej aktivite a po\u010dasiu;<\/li><li>ide\u00e1lne je ma\u0165 aj vlastn\u00fd hrudn\u00fd \u00fav\u00e4z, 2-3 \u0161it\u00e9 slu\u010dky, 2-3 karab\u00edny HMS, rep\u0161n\u00faru, expresky\u2026 \u2013 pod\u013ea dohody;<\/li><li>ostatn\u00fd materi\u00e1l potrebn\u00fd k lezeniu (najm\u00e4 friendy, vkl\u00ednence, hrudn\u00e9 \u00fav\u00e4zy\u2026) bude k dispoz\u00edcii;<\/li><li>ostatn\u00e9 zapo\u017ei\u010diame, ak by ste mali svoje, vysvetl\u00edme v\u00e1m pr\u00edpadn\u00e9 v\u00fdhody\/nev\u00fdhody, nau\u010d\u00edme v\u00e1s bezpe\u010dne pracova\u0165 s va\u0161im lezeck\u00fdm materi\u00e1lom;<\/li><li>v aktu\u00e1lnom roku by\u0165 \u010dlenom by\u0165 \u010dlenom SHS JAMES (vieme sprostredkova\u0165 cez HK Filozof BA, alebo sa m\u00f4\u017eete sta\u0165 \u010dlenom SHS JAMES bez klubovej pr\u00edslu\u0161nosti), pr\u00edp. by\u0165 poisten\u00fd a \u010dlenom v OAV v aktu\u00e1lnom roku;<\/li><\/ul>\n\n\n\n<h4 class=\"wp-block-heading\"><strong>Po\u010det frekventantov, in\u0161truktori:<\/strong><\/h4>\n\n\n\n<ul><li>3-4 frekventanti na in\u0161truktora;<\/li><li>sledujeme t\u00fdm individu\u00e1lny pr\u00edstup k frekventantom, ke\u010f\u017ee ka\u017ed\u00fd z v\u00e1s pr\u00edde na kurz s ur\u010ditou \u00farov\u0148ou lezeck\u00fdch zru\u010dnost\u00ed a vedomost\u00ed;<\/li><li>kurz bud\u00fa vies\u0165 certifikovan\u00ed in\u0161truktori SHS JAMES \u2013\u00a0<strong><em><a rel=\"noreferrer noopener\" href=\"http:\/\/coloursofclimbing.sk\/igi\/\" target=\"_blank\"><span class=\"has-inline-color has-black-color\">Igor Marks<\/span><\/a><\/em><\/strong>\u00a0(od 2010),\u00a0<strong><em><a rel=\"noreferrer noopener\" href=\"http:\/\/coloursofclimbing.sk\/peter-j\/\" target=\"_blank\"><span class=\"has-inline-color has-black-color\">Peter Ja\u0161ko<\/span><\/a><\/em><\/strong>\u00a0(od 2015), obaja maj\u00fa na Ka\u013eam\u00e1rke prelezen\u00fa v\u00e4\u010d\u0161inu ciest, pr\u00edp. in\u00ed certifikovan\u00ed\u00a0<strong><em>in\u0161truktori s bohatou a najm\u00e4 aktu\u00e1lnou lezeckou praxou<\/em><\/strong>\u00a0na skal\u00e1ch;<\/li><li>obaja in\u0161truktori realizovali desiatky kurzov \u2013 individu\u00e1lne kurzy, klubov\u00e9 kurzy, pr\u00edp. v spolupr\u00e1ci so SHS JAMES, na umelej stene, na skal\u00e1ch, vo Vysok\u00fdch Tatr\u00e1ch;<\/li><li>kurz organizujeme v spolupr\u00e1ci s <a rel=\"noreferrer noopener\" href=\"https:\/\/jaskobus.sk\/\" target=\"_blank\"><span class=\"has-inline-color has-black-color\">Ja\u0161koBUS<\/span><\/a>;<\/li><\/ul>\n\n\n\n<h4 class=\"wp-block-heading\"><strong>Cena za kurz:<\/strong><\/h4>\n\n\n\n<ul><li><strong>*ceny zverejn\u00edme spolu s d\u00e1tumami kurzu na rok 2023 \u20ac<\/strong><\/li><li><strong><em>v cene je zahnut\u00e9:<\/em><\/strong><ul><li>2x noc\u013eah;<\/li><li>lezeck\u00fd materi\u00e1l ako friendy, vkl\u00ednence, slu\u010dky a pod.;<\/li><li>n\u00e1klady na in\u0161truktora;<\/li><\/ul><\/li><li>v cene nie je zahrnut\u00e1 doprava (po dohode vieme zabezpe\u010di\u0165 za symbolick\u00fd poplatok na ceste z\/do Bratislavy), taktie\u017e cena neobsahuje stravu;<\/li><li>poistenie lie\u010debn\u00fdch n\u00e1kladov, \u00farazov\u00e9 poistenie, poistenie bato\u017einy, pripoistenie zodpovednosti \u2013 nie je zahrnut\u00e9 v cene kurzu;<\/li><li><a rel=\"noreferrer noopener\" href=\"http:\/\/coloursofclimbing.sk\/obchodne-podmienky\/\" target=\"_blank\"><span class=\"has-inline-color has-black-color\">Obchodn\u00e9 podmienky<\/span><\/a><\/li><li><a rel=\"noreferrer noopener\" href=\"http:\/\/coloursofclimbing.sk\/zasady-ochrany-osobnych-udajov\/\" target=\"_blank\"><span class=\"has-inline-color has-black-color\">Z\u00e1sady ochrany osobn\u00fdch \u00fadajov<\/span><\/a><\/li><\/ul>\n","protected":false},"excerpt":{"rendered":"<p>Term\u00edny Term\u00edny na rok 2023 dopln\u00edme \u010doskoro a n\u00e1jdete ich v sekcii kalend\u00e1r akci\u00ed. Kde: lezeck\u00e1 oblas\u0165\u00a0Kalam\u00e1rke pri Detve; skaln\u00e1 andezitov\u00e1 oblas\u0165, viac ako 500 lezeck\u00fdch ciest; andezitov\u00fd charakter skaly pon\u00faka ve\u013ek\u00e9 mno\u017estvo ciest r\u00f4znej ob\u0165a\u017enosti vhodn\u00fdch na lezeck\u00fd v\u00fdcvik &hellip; <a href=\"https:\/\/jaskobus.sk\/?page_id=1551\">Continued<\/a><\/p>\n","protected":false},"author":2,"featured_media":1552,"parent":0,"menu_order":0,"comment_status":"closed","ping_status":"closed","template":"","meta":{"kt_blocks_editor_width":"","_price":"","_stock":"","_tribe_ticket_header":"","_tribe_default_ticket_provider":"","_tribe_ticket_capacity":"0","_ticket_start_date":"","_ticket_end_date":"","_tribe_ticket_show_description":"","_tribe_ticket_show_not_going":false,"_tribe_ticket_use_global_stock":"","_tribe_ticket_global_stock_level":"","_global_stock_mode":"","_global_stock_cap":"","_tribe_rsvp_for_event":"","_tribe_ticket_going_count":"","_tribe_ticket_not_going_count":"","_tribe_tickets_list":[],"_tribe_ticket_has_attendee_info_fields":false,"_EventAllDay":false,"_EventTimezone":"","_EventStartDate":"","_EventEndDate":"","_EventStartDateUTC":"","_EventEndDateUTC":"","_EventShowMap":false,"_EventShowMapLink":false,"_EventURL":"","_EventCost":"","_EventCostDescription":"","_EventCurrencySymbol":"","_EventCurrencyCode":"","_EventCurrencyPosition":"","_EventDateTimeSeparator":"","_EventTimeRangeSeparator":"","_EventOrganizerID":[],"_EventVenueID":[],"_OrganizerEmail":"","_OrganizerPhone":"","_OrganizerWebsite":"","_VenueAddress":"","_VenueCity":"","_VenueCountry":"","_VenueProvince":"","_VenueState":"","_VenueZip":"","_VenuePhone":"","_VenueURL":"","_VenueStateProvince":"","_VenueLat":"","_VenueLng":"","_VenueShowMap":false,"_VenueShowMapLink":false,"footnotes":""},"ticketed":false,"_links":{"self":[{"href":"https:\/\/jaskobus.sk\/index.php?rest_route=\/wp\/v2\/pages\/1551"}],"collection":[{"href":"https:\/\/jaskobus.sk\/index.php?rest_route=\/wp\/v2\/pages"}],"about":[{"href":"https:\/\/jaskobus.sk\/index.php?rest_route=\/wp\/v2\/types\/page"}],"author":[{"embeddable":true,"href":"https:\/\/jaskobus.sk\/index.php?rest_route=\/wp\/v2\/users\/2"}],"replies":[{"embeddable":true,"href":"https:\/\/jaskobus.sk\/index.php?rest_route=%2Fwp%2Fv2%2Fcomments&post=1551"}],"version-history":[{"count":4,"href":"https:\/\/jaskobus.sk\/index.php?rest_route=\/wp\/v2\/pages\/1551\/revisions"}],"predecessor-version":[{"id":1561,"href":"https:\/\/jaskobus.sk\/index.php?rest_route=\/wp\/v2\/pages\/1551\/revisions\/1561"}],"wp:featuredmedia":[{"embeddable":true,"href":"https:\/\/jaskobus.sk\/index.php?rest_route=\/wp\/v2\/media\/1552"}],"wp:attachment":[{"href":"https:\/\/jaskobus.sk\/index.php?rest_route=%2Fwp%2Fv2%2Fmedia&parent=1551"}],"curies":[{"name":"wp","href":"https:\/\/api.w.org\/{rel}","templated":true}]}}