{"id":118,"date":"2019-11-06T10:49:54","date_gmt":"2019-11-06T09:49:54","guid":{"rendered":"https:\/\/jaskobus.sk\/?page_id=118"},"modified":"2022-09-28T10:16:21","modified_gmt":"2022-09-28T09:16:21","slug":"horoskola","status":"publish","type":"page","link":"https:\/\/jaskobus.sk\/?page_id=118","title":{"rendered":"Horo\u0161kola"},"content":{"rendered":"\n<ul><li>na\u0161e kurzy s\u00fa prioritne zameran\u00e9 na <strong>bezpe\u010dnos\u0165 pri lezen\u00ed<\/strong> a na <strong>osvojenie si vhodn\u00fdch metodick\u00fdch zru\u010dnost\u00ed<\/strong> a n\u00e1vykov;<\/li><li>na\u0161e kurzy smerujeme k tomu, aby na\u0161i frekventanti v bud\u00facnosti ovl\u00e1dali ve\u013ea vec\u00ed <strong>automaticky<\/strong>, z\u00e1rove\u0148 vedeli <strong>improvizova\u0165<\/strong> a hlavne pri ka\u017edej \u010dinnosti vedeli <strong>samostatne rozm\u00fd\u0161\u013ea\u0165<\/strong>; <\/li><li>kurzy organizujeme v \u00fazkej spolupr\u00e1ci s <strong><a rel=\"noreferrer noopener\" aria-label=\" (otvor\u00ed sa v novej karte)\" href=\"http:\/\/www.coloursofclimbing.sk\" target=\"_blank\"><span class=\"has-inline-color has-black-color\">Colours Of Climbing<\/span><\/a><\/strong><\/li><\/ul>\n\n\n\n<h2 class=\"wp-block-heading\">Podrobn\u00e9 inform\u00e1cie z\u00edskate <a rel=\"noreferrer noopener\" href=\"http:\/\/coloursofclimbing.sk\/horoskola\/\" target=\"_blank\"><span class=\"has-inline-color has-black-color\"><strong>tu<\/strong><\/span><\/a><\/h2>\n\n\n\n<p><\/p>\n\n\n\n<p><\/p>\n\n\n\n<p><\/p>\n\n\n\n<h2 class=\"wp-block-heading\">Ponuka na\u0161ich kurzov<\/h2>\n\n\n\n<ul><li><strong><a rel=\"noreferrer noopener\" href=\"https:\/\/jaskobus.sk\/?p=1539\" data-type=\"URL\" data-id=\"https:\/\/jaskobus.sk\/?p=1539\" target=\"_blank\"><mark style=\"background-color:rgba(0, 0, 0, 0)\" class=\"has-inline-color has-black-color\">Z\u00e1kladn\u00fd kurz skaln\u00e9ho lezenia<\/mark><\/a><\/strong><\/li><\/ul>\n\n\n\n<ul><li><strong><a rel=\"noreferrer noopener\" href=\"https:\/\/jaskobus.sk\/?page_id=1546\" data-type=\"URL\" data-id=\"https:\/\/jaskobus.sk\/?page_id=1546\" target=\"_blank\"><mark style=\"background-color:rgba(0, 0, 0, 0)\" class=\"has-inline-color has-black-color\">Kurz viacd\u013a\u017ekov\u00e9ho lezenia<\/mark><\/a><\/strong><\/li><\/ul>\n\n\n\n<ul><li><strong><a rel=\"noreferrer noopener\" href=\"https:\/\/jaskobus.sk\/?page_id=1551\" data-type=\"URL\" data-id=\"https:\/\/jaskobus.sk\/?page_id=1551\" target=\"_blank\"><mark style=\"background-color:rgba(0, 0, 0, 0)\" class=\"has-inline-color has-black-color\">Kurz lezenia s do\u010dasn\u00fdm postupov\u00fdm isten\u00edm<\/mark><\/a><\/strong><\/li><\/ul>\n\n\n\n<ul><li><strong><a rel=\"noreferrer noopener\" href=\"https:\/\/jaskobus.sk\/?page_id=1563\" data-type=\"URL\" data-id=\"https:\/\/jaskobus.sk\/?page_id=1563\" target=\"_blank\"><mark style=\"background-color:rgba(0, 0, 0, 0)\" class=\"has-inline-color has-black-color\">Z\u00e1kladn\u00fd horolezeck\u00fd kurz &#8211; Letn\u00fd (Vysok\u00e9 Tatry)<\/mark><\/a><\/strong><\/li><\/ul>\n\n\n\n<ul><li><strong>Individu\u00e1lne lezeck\u00e9 kurzy pod\u013ea va\u0161ich po\u017eiadaviek<\/strong><\/li><\/ul>\n","protected":false},"excerpt":{"rendered":"<p>na\u0161e kurzy s\u00fa prioritne zameran\u00e9 na bezpe\u010dnos\u0165 pri lezen\u00ed a na osvojenie si vhodn\u00fdch metodick\u00fdch zru\u010dnost\u00ed a n\u00e1vykov; na\u0161e kurzy smerujeme k tomu, aby na\u0161i frekventanti v bud\u00facnosti ovl\u00e1dali ve\u013ea vec\u00ed automaticky, z\u00e1rove\u0148 vedeli improvizova\u0165 a hlavne pri ka\u017edej \u010dinnosti &hellip; <a href=\"https:\/\/jaskobus.sk\/?page_id=118\">Continued<\/a><\/p>\n","protected":false},"author":2,"featured_media":91,"parent":0,"menu_order":0,"comment_status":"closed","ping_status":"closed","template":"","meta":{"kt_blocks_editor_width":"","_price":"","_stock":"","_tribe_ticket_header":"","_tribe_default_ticket_provider":"","_tribe_ticket_capacity":"0","_ticket_start_date":"","_ticket_end_date":"","_tribe_ticket_show_description":"","_tribe_ticket_show_not_going":false,"_tribe_ticket_use_global_stock":"","_tribe_ticket_global_stock_level":"","_global_stock_mode":"","_global_stock_cap":"","_tribe_rsvp_for_event":"","_tribe_ticket_going_count":"","_tribe_ticket_not_going_count":"","_tribe_tickets_list":[],"_tribe_ticket_has_attendee_info_fields":false,"_EventAllDay":false,"_EventTimezone":"","_EventStartDate":"","_EventEndDate":"","_EventStartDateUTC":"","_EventEndDateUTC":"","_EventShowMap":false,"_EventShowMapLink":false,"_EventURL":"","_EventCost":"","_EventCostDescription":"","_EventCurrencySymbol":"","_EventCurrencyCode":"","_EventCurrencyPosition":"","_EventDateTimeSeparator":"","_EventTimeRangeSeparator":"","_EventOrganizerID":[],"_EventVenueID":[],"_OrganizerEmail":"","_OrganizerPhone":"","_OrganizerWebsite":"","_VenueAddress":"","_VenueCity":"","_VenueCountry":"","_VenueProvince":"","_VenueState":"","_VenueZip":"","_VenuePhone":"","_VenueURL":"","_VenueStateProvince":"","_VenueLat":"","_VenueLng":"","_VenueShowMap":false,"_VenueShowMapLink":false,"footnotes":""},"ticketed":false,"_links":{"self":[{"href":"https:\/\/jaskobus.sk\/index.php?rest_route=\/wp\/v2\/pages\/118"}],"collection":[{"href":"https:\/\/jaskobus.sk\/index.php?rest_route=\/wp\/v2\/pages"}],"about":[{"href":"https:\/\/jaskobus.sk\/index.php?rest_route=\/wp\/v2\/types\/page"}],"author":[{"embeddable":true,"href":"https:\/\/jaskobus.sk\/index.php?rest_route=\/wp\/v2\/users\/2"}],"replies":[{"embeddable":true,"href":"https:\/\/jaskobus.sk\/index.php?rest_route=%2Fwp%2Fv2%2Fcomments&post=118"}],"version-history":[{"count":28,"href":"https:\/\/jaskobus.sk\/index.php?rest_route=\/wp\/v2\/pages\/118\/revisions"}],"predecessor-version":[{"id":1580,"href":"https:\/\/jaskobus.sk\/index.php?rest_route=\/wp\/v2\/pages\/118\/revisions\/1580"}],"wp:featuredmedia":[{"embeddable":true,"href":"https:\/\/jaskobus.sk\/index.php?rest_route=\/wp\/v2\/media\/91"}],"wp:attachment":[{"href":"https:\/\/jaskobus.sk\/index.php?rest_route=%2Fwp%2Fv2%2Fmedia&parent=118"}],"curies":[{"name":"wp","href":"https:\/\/api.w.org\/{rel}","templated":true}]}}